{"id":228250,"date":"2021-02-24T23:42:21","date_gmt":"2021-02-24T22:42:21","guid":{"rendered":"https:\/\/samsound.hu\/contact\/"},"modified":"2022-01-07T17:29:01","modified_gmt":"2022-01-07T16:29:01","slug":"contact","status":"publish","type":"page","link":"https:\/\/samsound.hu\/en\/contact\/","title":{"rendered":"Contact"},"content":{"rendered":"\n[et_pb_section fb_built=&#8221;1&#8243; custom_padding_last_edited=&#8221;on|tablet&#8221; _builder_version=&#8221;4.5.1&#8243; custom_margin_tablet=&#8221;&#8221; custom_margin_phone=&#8221;&#8221; custom_margin_last_edited=&#8221;on|tablet&#8221; custom_padding=&#8221;||50px|||&#8221; custom_padding_tablet=&#8221;5px||5px||false|false&#8221; custom_padding_phone=&#8221;&#8221;][et_pb_row column_structure=&#8221;3_4,1_4&#8243; _builder_version=&#8221;4.4.8&#8243;][et_pb_column type=&#8221;3_4&#8243; _builder_version=&#8221;4.4.8&#8243;][et_pb_text admin_label=&#8221;Contact Page Title&#8221; _builder_version=&#8221;4.5.1&#8243; text_font=&#8221;||||||||&#8221; header_font=&#8221;Roboto|700||on|||||&#8221; header_font_size=&#8221;52px&#8221; header_letter_spacing=&#8221;4px&#8221; header_line_height=&#8221;1.2em&#8221; header_2_font=&#8221;||||||||&#8221; animation_style=&#8221;fade&#8221; header_font_size_tablet=&#8221;28px&#8221; header_font_size_phone=&#8221;26px&#8221; header_font_size_last_edited=&#8221;on|tablet&#8221;]<h1>Contact<\/h1>[\/et_pb_text][et_pb_divider color=&#8221;#92B6E8&#8243; divider_weight=&#8221;2px&#8221; disabled_on=&#8221;off|off|off&#8221; _builder_version=&#8221;4.4.8&#8243; max_width=&#8221;100px&#8221; height=&#8221;2px&#8221; animation_style=&#8221;fade&#8221; custom_css_main_element=&#8221;||||&#8221; locked=&#8221;off&#8221;][\/et_pb_divider][et_pb_text _builder_version=&#8221;4.5.0&#8243; text_font=&#8221;||||||||&#8221; max_width_tablet=&#8221;&#8221; max_width_phone=&#8221;&#8221; max_width_last_edited=&#8221;on|desktop&#8221; custom_margin=&#8221;|||&#8221; custom_padding=&#8221;|||&#8221; animation_style=&#8221;fade&#8221;]<p>If you have any question feel to free contact with us by <a href=\"mailto:info@samsound.hu\">e-mail<\/a>, <a href=\"tel:+36202629031\">phone<\/a> or <a href=\"https:\/\/samsound.hu\/en\/contact\/#urlap\">fill out the form below<\/a>. <a href=\"https:\/\/samsound.hu\/en\/contact\/#map\">Our address<\/a> is only a pick-up point, not a shop! If you have any unique idea please use our <a href=\"https:\/\/samsound.hu\/en\/custom-orders\/\">Custom Orders page<\/a>.<\/p>[\/et_pb_text][et_pb_social_media_follow _builder_version=&#8221;4.5.1&#8243; border_radii=&#8221;on|100%|100%|100%|100%&#8221; link_shape=&#8221;circle&#8221;][et_pb_social_media_follow_network social_network=&#8221;facebook&#8221; url=&#8221;https:\/\/facebook.com\/samsoundkft&#8221; use_icon_font_size=&#8221;on&#8221; _builder_version=&#8221;4.5.1&#8243; background_color=&#8221;#92B6E8&#8243; background_enable_color=&#8221;on&#8221; custom_margin=&#8221;6px|6px|6px|6px&#8221; custom_padding=&#8221;6px|6px|6px|6px&#8221; bg_color=&#8221;#3b5998&#8243; link_shape=&#8221;circle&#8221; follow_button=&#8221;off&#8221; url_new_window=&#8221;on&#8221;]facebook[\/et_pb_social_media_follow_network][et_pb_social_media_follow_network social_network=&#8221;youtube&#8221; url=&#8221;https:\/\/www.youtube.com\/channel\/UCTd-vNs14uZFAO_cybXbp7A\/&#8221; use_icon_font_size=&#8221;on&#8221; icon_font_size=&#8221;18px&#8221; _builder_version=&#8221;4.5.1&#8243; _module_preset=&#8221;default&#8221; background_color=&#8221;#a82400&#8243; link_shape=&#8221;circle&#8221; follow_button=&#8221;off&#8221; url_new_window=&#8221;on&#8221;]youtube[\/et_pb_social_media_follow_network][\/et_pb_social_media_follow][\/et_pb_column][et_pb_column type=&#8221;1_4&#8243; _builder_version=&#8221;4.4.8&#8243;][et_pb_text admin_label=&#8221;Title&#8221; _builder_version=&#8221;4.4.8&#8243; text_font=&#8221;Roboto|on||on|&#8221; text_text_color=&#8221;#2a2a2a&#8221; text_font_size=&#8221;18px&#8221; text_letter_spacing=&#8221;1px&#8221; header_font=&#8221;||||||||&#8221; header_3_font=&#8221;||||||||&#8221; module_alignment=&#8221;left&#8221; custom_margin=&#8221;||20px|&#8221; custom_padding=&#8221;|||&#8221; animation_style=&#8221;slide&#8221; animation_direction=&#8221;right&#8221; animation_intensity_slide=&#8221;10%&#8221;]<p>Pick up point<\/p>[\/et_pb_text][et_pb_divider color=&#8221;#92B6E8&#8243; divider_weight=&#8221;2px&#8221; disabled_on=&#8221;on|on|off&#8221; _builder_version=&#8221;4.4.8&#8243; max_width=&#8221;50px&#8221; module_alignment=&#8221;left&#8221;][\/et_pb_divider][et_pb_blurb title=&#8221;Pal\u00e1st utca 50. &#8221; use_icon=&#8221;on&#8221; font_icon=&#8221;%%249%%&#8221; icon_color=&#8221;rgba(0,0,0,0.18)&#8221; icon_placement=&#8221;left&#8221; use_icon_font_size=&#8221;on&#8221; icon_font_size=&#8221;23px&#8221; admin_label=&#8221;Address&#8221; _builder_version=&#8221;4.4.8&#8243; header_font=&#8221;||||||||&#8221; header_font_size=&#8221;16px&#8221; header_line_height=&#8221;1.7em&#8221; body_font=&#8221;||||||||&#8221; custom_margin=&#8221;||20px|&#8221; animation_style=&#8221;fade&#8221;]<p>2364, \u00d3csa HU<\/p>[\/et_pb_blurb][et_pb_blurb title=&#8221;+36 20 262 9031&#8243; url=&#8221;tel:+36202629031&#8243; use_icon=&#8221;on&#8221; font_icon=&#8221;%%264%%&#8221; icon_color=&#8221;rgba(0,0,0,0.18)&#8221; icon_placement=&#8221;left&#8221; use_icon_font_size=&#8221;on&#8221; icon_font_size=&#8221;23px&#8221; admin_label=&#8221;Phone&#8221; _builder_version=&#8221;4.4.8&#8243; header_font=&#8221;||||||||&#8221; header_font_size=&#8221;16px&#8221; header_line_height=&#8221;1.7em&#8221; body_font=&#8221;||||||||&#8221; animation_style=&#8221;fade&#8221;][\/et_pb_blurb][et_pb_blurb title=&#8221;info@samsound.hu&#8221; url=&#8221;mailto:info@samsound.hu&#8221; use_icon=&#8221;on&#8221; font_icon=&#8221;%%238%%&#8221; icon_color=&#8221;rgba(0,0,0,0.18)&#8221; icon_placement=&#8221;left&#8221; use_icon_font_size=&#8221;on&#8221; icon_font_size=&#8221;23px&#8221; admin_label=&#8221;Email&#8221; _builder_version=&#8221;4.4.8&#8243; header_font=&#8221;||||||||&#8221; header_font_size=&#8221;16px&#8221; header_line_height=&#8221;1.7em&#8221; body_font=&#8221;||||||||&#8221; animation_style=&#8221;fade&#8221;][\/et_pb_blurb][\/et_pb_column][\/et_pb_row][\/et_pb_section][et_pb_section fb_built=&#8221;1&#8243; fullwidth=&#8221;on&#8221; module_id=&#8221;map&#8221; _builder_version=&#8221;4.5.0&#8243;][et_pb_fullwidth_code _builder_version=&#8221;4.4.8&#8243; custom_margin=&#8221;||-11px|||&#8221;]<iframe loading=\"lazy\" src=\"https:\/\/www.google.com\/maps\/embed?pb=!1m18!1m12!1m3!1d681.0461001178641!2d19.226051498525763!3d47.30717847083307!2m3!1f0!2f0!3f0!3m2!1i1024!2i768!4f13.1!3m3!1m2!1s0x4741ecb86e6b0c93%3A0x4a5d70305bfcf08d!2zw5Njc2EsIFBhbMOhc3QgdS4gNTAsIDIzNjQ!5e0!3m2!1shu!2shu!4v1591991035903!5m2!1shu!2shu\" width=\"100%\" height=\"450\" style=\"border:0;\" allowfullscreen=\"\" aria-hidden=\"false\" tabindex=\"0\"><\/iframe>[\/et_pb_fullwidth_code][\/et_pb_section][et_pb_section fb_built=&#8221;1&#8243; admin_label=&#8221;Contact Form Section&#8221; module_id=&#8221;urlap&#8221; _builder_version=&#8221;4.5.0&#8243; background_color=&#8221;rgba(211,218,227,0.29)&#8221; min_height=&#8221;641px&#8221; custom_margin=&#8221;-3px|||||&#8221; custom_padding=&#8221;75px||40px|||&#8221;][et_pb_row _builder_version=&#8221;3.25&#8243; custom_margin=&#8221;|||&#8221; custom_padding=&#8221;0px||8px|||&#8221;][et_pb_column type=&#8221;4_4&#8243; _builder_version=&#8221;3.25&#8243; custom_padding=&#8221;|||&#8221; custom_padding__hover=&#8221;|||&#8221;][et_pb_text admin_label=&#8221;Contact Form Title&#8221; _builder_version=&#8221;4.5.1&#8243; text_font=&#8221;||||||||&#8221; header_font=&#8221;||||||||&#8221; header_2_font=&#8221;Roboto|700||on|||||&#8221; header_2_font_size=&#8221;30px&#8221; header_2_letter_spacing=&#8221;4px&#8221; header_2_line_height=&#8221;1.2em&#8221; module_alignment=&#8221;center&#8221; custom_margin=&#8221;||10px|&#8221; custom_padding=&#8221;|||&#8221; animation_style=&#8221;fade&#8221; header_2_font_size_tablet=&#8221;28px&#8221; header_2_font_size_phone=&#8221;26px&#8221; locked=&#8221;off&#8221;]<h2>Write us!<\/h2>[\/et_pb_text][et_pb_divider color=&#8221;#ffb500&#8243; divider_weight=&#8221;2px&#8221; disabled_on=&#8221;off|off|off&#8221; _builder_version=&#8221;3.23.4&#8243; max_width=&#8221;100px&#8221; module_alignment=&#8221;center&#8221; height=&#8221;50px&#8221; animation_style=&#8221;fade&#8221; custom_css_main_element=&#8221;||||&#8221; locked=&#8221;off&#8221;][\/et_pb_divider][\/et_pb_column][\/et_pb_row][et_pb_row _builder_version=&#8221;4.4.8&#8243; custom_margin=&#8221;|auto|-3px|auto||&#8221; custom_padding=&#8221;||25px|||&#8221;][et_pb_column type=&#8221;4_4&#8243; _builder_version=&#8221;4.4.8&#8243; custom_padding=&#8221;|||&#8221; custom_padding__hover=&#8221;|||&#8221;][et_pb_contact_form email=&#8221;info@samsound.hu&#8221; custom_message=&#8221;N\u00e9v: %%name%%||et_pb_line_break_holder||||et_pb_line_break_holder||E-mail c\u00edm: %%email%%||et_pb_line_break_holder||||et_pb_line_break_holder||\u00dczenet: %%message%%&#8221; success_message=&#8221;Thanks! We recieved your message. Reply soon!&#8221; submit_button_text=&#8221;Send&#8221; module_id=&#8221;et_pb_contact_form_0&#8243; _builder_version=&#8221;4.6.0&#8243; form_field_background_color=&#8221;rgba(0,0,0,0)&#8221; button_text_color=&#8221;#3F4F63&#8243; button_bg_color=&#8221;rgba(243,126,81,0)&#8221; button_border_color=&#8221;#3F4F63&#8243; animation_style=&#8221;fade&#8221; border_color_all=&#8221;rgba(0,0,0,0.12)&#8221; border_style_all=&#8221;solid&#8221; use_border_color=&#8221;on&#8221; border_color=&#8221;rgba(0,0,0,0.12)&#8221; form_background_color=&#8221;rgba(0,0,0,0)&#8221; button_bg_color__hover=&#8221;#3F4F63&#8243; button_bg_enable_color__hover=&#8221;on&#8221; button_text_color__hover_enabled=&#8221;on|hover&#8221; button_text_color__hover=&#8221;#ffffff&#8221; button_border_color__hover_enabled=&#8221;on|desktop&#8221; button_border_color__hover=&#8221;#3F4F63&#8243; button_text_color_hover=&#8221;#ffffff&#8221; button_bg_color_hover=&#8221;#ffb500&#8243; button_border_color_hover=&#8221;#ffb500&#8243; button_border_radius_hover=&#8221;30px&#8221; button_letter_spacing_hover=&#8221;2px&#8221;][et_pb_contact_field field_id=&#8221;Name&#8221; field_title=&#8221;Name&#8221; _builder_version=&#8221;4.4.8&#8243; button_text_size__hover_enabled=&#8221;off&#8221; button_one_text_size__hover_enabled=&#8221;off&#8221; button_two_text_size__hover_enabled=&#8221;off&#8221; button_text_color__hover_enabled=&#8221;off&#8221; button_one_text_color__hover_enabled=&#8221;off&#8221; button_two_text_color__hover_enabled=&#8221;off&#8221; button_border_width__hover_enabled=&#8221;off&#8221; button_one_border_width__hover_enabled=&#8221;off&#8221; button_two_border_width__hover_enabled=&#8221;off&#8221; button_border_color__hover_enabled=&#8221;off&#8221; button_one_border_color__hover_enabled=&#8221;off&#8221; button_two_border_color__hover_enabled=&#8221;off&#8221; button_border_radius__hover_enabled=&#8221;off&#8221; button_one_border_radius__hover_enabled=&#8221;off&#8221; button_two_border_radius__hover_enabled=&#8221;off&#8221; button_letter_spacing__hover_enabled=&#8221;off&#8221; button_one_letter_spacing__hover_enabled=&#8221;off&#8221; button_two_letter_spacing__hover_enabled=&#8221;off&#8221; button_bg_color__hover_enabled=&#8221;off&#8221; button_one_bg_color__hover_enabled=&#8221;off&#8221; button_two_bg_color__hover_enabled=&#8221;off&#8221;][\/et_pb_contact_field][et_pb_contact_field field_id=&#8221;Email&#8221; field_title=&#8221;E-mail&#8221; field_type=&#8221;email&#8221; _builder_version=&#8221;4.4.8&#8243; button_text_size__hover_enabled=&#8221;off&#8221; button_one_text_size__hover_enabled=&#8221;off&#8221; button_two_text_size__hover_enabled=&#8221;off&#8221; button_text_color__hover_enabled=&#8221;off&#8221; button_one_text_color__hover_enabled=&#8221;off&#8221; button_two_text_color__hover_enabled=&#8221;off&#8221; button_border_width__hover_enabled=&#8221;off&#8221; button_one_border_width__hover_enabled=&#8221;off&#8221; button_two_border_width__hover_enabled=&#8221;off&#8221; button_border_color__hover_enabled=&#8221;off&#8221; button_one_border_color__hover_enabled=&#8221;off&#8221; button_two_border_color__hover_enabled=&#8221;off&#8221; button_border_radius__hover_enabled=&#8221;off&#8221; button_one_border_radius__hover_enabled=&#8221;off&#8221; button_two_border_radius__hover_enabled=&#8221;off&#8221; button_letter_spacing__hover_enabled=&#8221;off&#8221; button_one_letter_spacing__hover_enabled=&#8221;off&#8221; button_two_letter_spacing__hover_enabled=&#8221;off&#8221; button_bg_color__hover_enabled=&#8221;off&#8221; button_one_bg_color__hover_enabled=&#8221;off&#8221; button_two_bg_color__hover_enabled=&#8221;off&#8221;][\/et_pb_contact_field][et_pb_contact_field field_id=&#8221;Message&#8221; field_title=&#8221;Message&#8221; field_type=&#8221;text&#8221; fullwidth_field=&#8221;on&#8221; _builder_version=&#8221;4.4.8&#8243; button_text_size__hover_enabled=&#8221;off&#8221; button_one_text_size__hover_enabled=&#8221;off&#8221; button_two_text_size__hover_enabled=&#8221;off&#8221; button_text_color__hover_enabled=&#8221;off&#8221; button_one_text_color__hover_enabled=&#8221;off&#8221; button_two_text_color__hover_enabled=&#8221;off&#8221; button_border_width__hover_enabled=&#8221;off&#8221; button_one_border_width__hover_enabled=&#8221;off&#8221; button_two_border_width__hover_enabled=&#8221;off&#8221; button_border_color__hover_enabled=&#8221;off&#8221; button_one_border_color__hover_enabled=&#8221;off&#8221; button_two_border_color__hover_enabled=&#8221;off&#8221; button_border_radius__hover_enabled=&#8221;off&#8221; button_one_border_radius__hover_enabled=&#8221;off&#8221; button_two_border_radius__hover_enabled=&#8221;off&#8221; button_letter_spacing__hover_enabled=&#8221;off&#8221; button_one_letter_spacing__hover_enabled=&#8221;off&#8221; button_two_letter_spacing__hover_enabled=&#8221;off&#8221; button_bg_color__hover_enabled=&#8221;off&#8221; button_one_bg_color__hover_enabled=&#8221;off&#8221; button_two_bg_color__hover_enabled=&#8221;off&#8221;][\/et_pb_contact_field][\/et_pb_contact_form][\/et_pb_column][\/et_pb_row][\/et_pb_section][et_pb_section fb_built=&#8221;1&#8243; admin_label=&#8221;Subscription Section&#8221; _builder_version=&#8221;4.4.8&#8243; background_color=&#8221;rgba(12,12,12,0.65)&#8221; background_image=&#8221;https:\/\/samsound.hu\/wp-content\/uploads\/2020\/06\/rolunk_800x1200.jpg&#8221; background_blend=&#8221;color&#8221; module_alignment=&#8221;center&#8221; custom_margin=&#8221;1px|60px|-2px|60px||&#8221; custom_margin_tablet=&#8221;&#8221; custom_margin_phone=&#8221;0px|0px|0px|0px&#8221; custom_margin_last_edited=&#8221;on|phone&#8221; custom_padding=&#8221;80px||80px||true|&#8221; animation_direction=&#8221;left&#8221;][et_pb_row _builder_version=&#8221;4.4.9&#8243;][et_pb_column type=&#8221;4_4&#8243; _builder_version=&#8221;3.25&#8243; custom_padding=&#8221;|||&#8221; custom_padding__hover=&#8221;|||&#8221;][et_pb_signup mailchimp_list=&#8221;32e1b0446d&#8221; name_field=&#8221;on&#8221; success_message=&#8221;Thank you for your subscription!&#8221; title=&#8221;Subscribe our newsletter!&#8221; description=&#8221;<p>Do you want to get news from our newest products? <\/p>\n<p>If yes, please subscribe to our newsletter!<\/p>\n<p> <\/p>&#8221; footer_content=&#8221;<p><em>* A feliratkoz\u00e1ssal elfogadom az<\/em><span> <\/span><a href=%22https:\/\/samsound.hu\/en\/privacy-policy\/%22 data-et-target-link=%22_blank%22 rel=%22noopener noreferrer%22>Adatv\u00e9delmi<\/a><em><a href=%22https:\/\/samsound.hu\/en\/privacy-policy\/%22 data-et-target-link=%22_blank%22 rel=%22noopener noreferrer%22><span> <\/span>nyilatkozatban<\/a><span> <\/span>foglaltakat.<\/em><\/p>\n&#8221; _builder_version=&#8221;4.6.0&#8243; header_font=&#8221;Roboto|700||on|||||&#8221; header_font_size=&#8221;30px&#8221; header_letter_spacing=&#8221;4px&#8221; header_line_height=&#8221;1.8em&#8221; body_font=&#8221;||||||||&#8221; body_link_text_color=&#8221;#92B7E8&#8243; use_background_color=&#8221;off&#8221; custom_button=&#8221;on&#8221; button_text_size=&#8221;18px&#8221; button_text_color=&#8221;#ffffff&#8221; button_bg_color=&#8221;rgba(255,181,0,0)&#8221; button_border_color=&#8221;#92B7E8&#8243; button_border_radius=&#8221;30px&#8221; button_letter_spacing=&#8221;2px&#8221; button_font=&#8221;Roboto|||on|&#8221; button_use_icon=&#8221;off&#8221; module_alignment=&#8221;right&#8221; animation_style=&#8221;fade&#8221; header_font_size_tablet=&#8221;24px&#8221; header_font_size_phone=&#8221;&#8221; header_font_size_last_edited=&#8221;on|tablet&#8221; border_radii_fields=&#8221;on|100px|100px|100px|100px&#8221; button_border_color_hover=&#8221;#ffffff&#8221; button_border_radius_hover=&#8221;30px&#8221; button_bg_color_hover=&#8221;rgba(0,0,0,0)&#8221; button_text_size__hover_enabled=&#8221;off&#8221; button_one_text_size__hover_enabled=&#8221;off&#8221; button_two_text_size__hover_enabled=&#8221;off&#8221; button_text_color__hover_enabled=&#8221;off&#8221; button_one_text_color__hover_enabled=&#8221;off&#8221; button_two_text_color__hover_enabled=&#8221;off&#8221; button_border_width__hover_enabled=&#8221;off&#8221; button_one_border_width__hover_enabled=&#8221;off&#8221; button_two_border_width__hover_enabled=&#8221;off&#8221; button_border_color__hover_enabled=&#8221;on|hover&#8221; button_border_color__hover=&#8221;#92B7E8&#8243; button_one_border_color__hover_enabled=&#8221;off&#8221; button_two_border_color__hover_enabled=&#8221;off&#8221; button_border_radius__hover_enabled=&#8221;on&#8221; button_border_radius__hover=&#8221;30px&#8221; button_one_border_radius__hover_enabled=&#8221;off&#8221; button_two_border_radius__hover_enabled=&#8221;off&#8221; button_letter_spacing__hover_enabled=&#8221;off&#8221; button_one_letter_spacing__hover_enabled=&#8221;off&#8221; button_two_letter_spacing__hover_enabled=&#8221;off&#8221; button_bg_color__hover_enabled=&#8221;on|desktop&#8221; button_bg_color__hover=&#8221;#92B7E8&#8243; button_one_bg_color__hover_enabled=&#8221;off&#8221; button_two_bg_color__hover_enabled=&#8221;off&#8221; button_bg_enable_color__hover=&#8221;on&#8221;][\/et_pb_signup][\/et_pb_column][\/et_pb_row][\/et_pb_section]\n","protected":false},"excerpt":{"rendered":"<p>ContactIf you have any question feel to free contact with us by e-mail, phone or fill out the form below. Our address is only a pick-up point, not a shop! If you have any unique idea please use our Custom Orders page.Pick up point2364, \u00d3csa HUWrite us!<\/p>\n","protected":false},"author":1,"featured_media":0,"parent":0,"menu_order":0,"comment_status":"closed","ping_status":"closed","template":"","meta":{"_et_pb_use_builder":"on","_et_pb_old_content":"","_et_gb_content_width":"","footnotes":""},"class_list":["post-228250","page","type-page","status-publish","hentry"],"yoast_head":"<!-- This site is optimized with the Yoast SEO Premium plugin v26.9 (Yoast SEO v27.4) - https:\/\/yoast.com\/product\/yoast-seo-premium-wordpress\/ -->\n<title>Contact - Samsound - Creative 3D Solutions<\/title>\n<meta name=\"robots\" content=\"index, follow, max-snippet:-1, max-image-preview:large, max-video-preview:-1\" \/>\n<link rel=\"canonical\" href=\"https:\/\/samsound.hu\/en\/contact\/\" \/>\n<meta property=\"og:locale\" content=\"en_US\" \/>\n<meta property=\"og:type\" content=\"article\" \/>\n<meta property=\"og:title\" content=\"Contact\" \/>\n<meta property=\"og:description\" content=\"ContactIf you have any question feel to free contact with us by e-mail, phone or fill out the form below. Our address is only a pick-up point, not a shop! If you have any unique idea please use our Custom Orders page.Pick up point2364, \u00d3csa HUWrite us!\" \/>\n<meta property=\"og:url\" content=\"https:\/\/samsound.hu\/en\/contact\/\" \/>\n<meta property=\"og:site_name\" content=\"Samsound - Creative 3D Solutions\" \/>\n<meta property=\"article:publisher\" content=\"https:\/\/www.facebook.com\/SamSoundKFT\/\" \/>\n<meta property=\"article:modified_time\" content=\"2022-01-07T16:29:01+00:00\" \/>\n<meta property=\"og:image\" content=\"https:\/\/samsound.hu\/wp-content\/uploads\/2020\/07\/logo_2_463px.png\" \/>\n\t<meta property=\"og:image:width\" content=\"463\" \/>\n\t<meta property=\"og:image:height\" content=\"150\" \/>\n\t<meta property=\"og:image:type\" content=\"image\/png\" \/>\n<meta name=\"twitter:card\" content=\"summary_large_image\" \/>\n<meta name=\"twitter:label1\" content=\"Est. reading time\" \/>\n\t<meta name=\"twitter:data1\" content=\"9 minutes\" \/>\n<script type=\"application\/ld+json\" class=\"yoast-schema-graph\">{\"@context\":\"https:\\\/\\\/schema.org\",\"@graph\":[{\"@type\":\"WebPage\",\"@id\":\"https:\\\/\\\/samsound.hu\\\/en\\\/contact\\\/\",\"url\":\"https:\\\/\\\/samsound.hu\\\/en\\\/contact\\\/\",\"name\":\"Contact - Samsound - Creative 3D Solutions\",\"isPartOf\":{\"@id\":\"https:\\\/\\\/samsound.hu\\\/en\\\/#website\"},\"datePublished\":\"2021-02-24T22:42:21+00:00\",\"dateModified\":\"2022-01-07T16:29:01+00:00\",\"breadcrumb\":{\"@id\":\"https:\\\/\\\/samsound.hu\\\/en\\\/contact\\\/#breadcrumb\"},\"inLanguage\":\"en-US\",\"potentialAction\":[{\"@type\":\"ReadAction\",\"target\":[\"https:\\\/\\\/samsound.hu\\\/en\\\/contact\\\/\"]}]},{\"@type\":\"BreadcrumbList\",\"@id\":\"https:\\\/\\\/samsound.hu\\\/en\\\/contact\\\/#breadcrumb\",\"itemListElement\":[{\"@type\":\"ListItem\",\"position\":1,\"name\":\"Home\",\"item\":\"https:\\\/\\\/samsound.hu\\\/en\\\/home\\\/\"},{\"@type\":\"ListItem\",\"position\":2,\"name\":\"Contact\"}]},{\"@type\":\"WebSite\",\"@id\":\"https:\\\/\\\/samsound.hu\\\/en\\\/#website\",\"url\":\"https:\\\/\\\/samsound.hu\\\/en\\\/\",\"name\":\"Samsound - Creative 3D Solutions\",\"description\":\"Creative 3D Solutions\",\"publisher\":{\"@id\":\"https:\\\/\\\/samsound.hu\\\/en\\\/#organization\"},\"potentialAction\":[{\"@type\":\"SearchAction\",\"target\":{\"@type\":\"EntryPoint\",\"urlTemplate\":\"https:\\\/\\\/samsound.hu\\\/en\\\/?s={search_term_string}\"},\"query-input\":{\"@type\":\"PropertyValueSpecification\",\"valueRequired\":true,\"valueName\":\"search_term_string\"}}],\"inLanguage\":\"en-US\"},{\"@type\":\"Organization\",\"@id\":\"https:\\\/\\\/samsound.hu\\\/en\\\/#organization\",\"name\":\"Samsound Kft.\",\"url\":\"https:\\\/\\\/samsound.hu\\\/en\\\/\",\"logo\":{\"@type\":\"ImageObject\",\"inLanguage\":\"en-US\",\"@id\":\"https:\\\/\\\/samsound.hu\\\/en\\\/#\\\/schema\\\/logo\\\/image\\\/\",\"url\":\"https:\\\/\\\/samsound.hu\\\/wp-content\\\/uploads\\\/2020\\\/07\\\/logo_2_463px.png\",\"contentUrl\":\"https:\\\/\\\/samsound.hu\\\/wp-content\\\/uploads\\\/2020\\\/07\\\/logo_2_463px.png\",\"width\":463,\"height\":150,\"caption\":\"Samsound Kft.\"},\"image\":{\"@id\":\"https:\\\/\\\/samsound.hu\\\/en\\\/#\\\/schema\\\/logo\\\/image\\\/\"},\"sameAs\":[\"https:\\\/\\\/www.facebook.com\\\/SamSoundKFT\\\/\",\"https:\\\/\\\/www.youtube.com\\\/channel\\\/UCTd-vNs14uZFAO_cybXbp7A\\\/\"]}]}<\/script>\n<!-- \/ Yoast SEO Premium plugin. -->","yoast_head_json":{"title":"Contact - Samsound - Creative 3D Solutions","robots":{"index":"index","follow":"follow","max-snippet":"max-snippet:-1","max-image-preview":"max-image-preview:large","max-video-preview":"max-video-preview:-1"},"canonical":"https:\/\/samsound.hu\/en\/contact\/","og_locale":"en_US","og_type":"article","og_title":"Contact","og_description":"ContactIf you have any question feel to free contact with us by e-mail, phone or fill out the form below. Our address is only a pick-up point, not a shop! If you have any unique idea please use our Custom Orders page.Pick up point2364, \u00d3csa HUWrite us!","og_url":"https:\/\/samsound.hu\/en\/contact\/","og_site_name":"Samsound - Creative 3D Solutions","article_publisher":"https:\/\/www.facebook.com\/SamSoundKFT\/","article_modified_time":"2022-01-07T16:29:01+00:00","og_image":[{"width":463,"height":150,"url":"https:\/\/samsound.hu\/wp-content\/uploads\/2020\/07\/logo_2_463px.png","type":"image\/png"}],"twitter_card":"summary_large_image","twitter_misc":{"Est. reading time":"9 minutes"},"schema":{"@context":"https:\/\/schema.org","@graph":[{"@type":"WebPage","@id":"https:\/\/samsound.hu\/en\/contact\/","url":"https:\/\/samsound.hu\/en\/contact\/","name":"Contact - Samsound - Creative 3D Solutions","isPartOf":{"@id":"https:\/\/samsound.hu\/en\/#website"},"datePublished":"2021-02-24T22:42:21+00:00","dateModified":"2022-01-07T16:29:01+00:00","breadcrumb":{"@id":"https:\/\/samsound.hu\/en\/contact\/#breadcrumb"},"inLanguage":"en-US","potentialAction":[{"@type":"ReadAction","target":["https:\/\/samsound.hu\/en\/contact\/"]}]},{"@type":"BreadcrumbList","@id":"https:\/\/samsound.hu\/en\/contact\/#breadcrumb","itemListElement":[{"@type":"ListItem","position":1,"name":"Home","item":"https:\/\/samsound.hu\/en\/home\/"},{"@type":"ListItem","position":2,"name":"Contact"}]},{"@type":"WebSite","@id":"https:\/\/samsound.hu\/en\/#website","url":"https:\/\/samsound.hu\/en\/","name":"Samsound - Creative 3D Solutions","description":"Creative 3D Solutions","publisher":{"@id":"https:\/\/samsound.hu\/en\/#organization"},"potentialAction":[{"@type":"SearchAction","target":{"@type":"EntryPoint","urlTemplate":"https:\/\/samsound.hu\/en\/?s={search_term_string}"},"query-input":{"@type":"PropertyValueSpecification","valueRequired":true,"valueName":"search_term_string"}}],"inLanguage":"en-US"},{"@type":"Organization","@id":"https:\/\/samsound.hu\/en\/#organization","name":"Samsound Kft.","url":"https:\/\/samsound.hu\/en\/","logo":{"@type":"ImageObject","inLanguage":"en-US","@id":"https:\/\/samsound.hu\/en\/#\/schema\/logo\/image\/","url":"https:\/\/samsound.hu\/wp-content\/uploads\/2020\/07\/logo_2_463px.png","contentUrl":"https:\/\/samsound.hu\/wp-content\/uploads\/2020\/07\/logo_2_463px.png","width":463,"height":150,"caption":"Samsound Kft."},"image":{"@id":"https:\/\/samsound.hu\/en\/#\/schema\/logo\/image\/"},"sameAs":["https:\/\/www.facebook.com\/SamSoundKFT\/","https:\/\/www.youtube.com\/channel\/UCTd-vNs14uZFAO_cybXbp7A\/"]}]}},"_links":{"self":[{"href":"https:\/\/samsound.hu\/en\/wp-json\/wp\/v2\/pages\/228250","targetHints":{"allow":["GET"]}}],"collection":[{"href":"https:\/\/samsound.hu\/en\/wp-json\/wp\/v2\/pages"}],"about":[{"href":"https:\/\/samsound.hu\/en\/wp-json\/wp\/v2\/types\/page"}],"author":[{"embeddable":true,"href":"https:\/\/samsound.hu\/en\/wp-json\/wp\/v2\/users\/1"}],"replies":[{"embeddable":true,"href":"https:\/\/samsound.hu\/en\/wp-json\/wp\/v2\/comments?post=228250"}],"version-history":[{"count":0,"href":"https:\/\/samsound.hu\/en\/wp-json\/wp\/v2\/pages\/228250\/revisions"}],"wp:attachment":[{"href":"https:\/\/samsound.hu\/en\/wp-json\/wp\/v2\/media?parent=228250"}],"curies":[{"name":"wp","href":"https:\/\/api.w.org\/{rel}","templated":true}]}}